{"id":14945,"date":"2024-10-11T15:22:22","date_gmt":"2024-10-11T15:22:22","guid":{"rendered":"https:\/\/nautibrothers.pt\/?post_type=product&#038;p=14945"},"modified":"2024-11-06T12:38:26","modified_gmt":"2024-11-06T12:38:26","slug":"corrente-alta-resistencia","status":"publish","type":"product","link":"https:\/\/nautibrothers.pt\/en\/produto\/corrente-alta-resistencia\/","title":{"rendered":"Corrente alta resist\u00eancia"},"content":{"rendered":"<p>Corrente alta resist\u00eancia<\/p>\n","protected":false},"excerpt":{"rendered":"<p>Fabricado em a\u00e7o de alta resist\u00eancia Grau 80, utilizada para eleva\u00e7\u00e3o, movimenta\u00e7\u00e3o e amarra\u00e7\u00e3o de cargas<\/p>\n","protected":false},"featured_media":12319,"template":"","meta":{"inline_featured_image":false},"product_cat":[1658],"product_tag":[],"class_list":{"0":"post-14945","1":"product","2":"type-product","3":"status-publish","4":"has-post-thumbnail","6":"product_cat-correntes-cabos-fios-e-correntes","8":"first","9":"instock","10":"sold-individually","11":"shipping-taxable","12":"purchasable","13":"product-type-variable"},"acf":[],"_links":{"self":[{"href":"https:\/\/nautibrothers.pt\/en\/wp-json\/wp\/v2\/product\/14945","targetHints":{"allow":["GET"]}}],"collection":[{"href":"https:\/\/nautibrothers.pt\/en\/wp-json\/wp\/v2\/product"}],"about":[{"href":"https:\/\/nautibrothers.pt\/en\/wp-json\/wp\/v2\/types\/product"}],"wp:featuredmedia":[{"embeddable":true,"href":"https:\/\/nautibrothers.pt\/en\/wp-json\/wp\/v2\/media\/12319"}],"wp:attachment":[{"href":"https:\/\/nautibrothers.pt\/en\/wp-json\/wp\/v2\/media?parent=14945"}],"wp:term":[{"taxonomy":"product_cat","embeddable":true,"href":"https:\/\/nautibrothers.pt\/en\/wp-json\/wp\/v2\/product_cat?post=14945"},{"taxonomy":"product_tag","embeddable":true,"href":"https:\/\/nautibrothers.pt\/en\/wp-json\/wp\/v2\/product_tag?post=14945"}],"curies":[{"name":"wp","href":"https:\/\/api.w.org\/{rel}","templated":true}]}}