{"id":15021,"date":"2024-10-11T15:24:19","date_gmt":"2024-10-11T15:24:19","guid":{"rendered":"https:\/\/nautibrothers.pt\/?post_type=product&#038;p=15021"},"modified":"2024-10-30T11:55:25","modified_gmt":"2024-10-30T11:55:25","slug":"fio-de-vela-2-1-4","status":"publish","type":"product","link":"https:\/\/nautibrothers.pt\/en\/produto\/fio-de-vela-2-1-4\/","title":{"rendered":"Fio de vela 2 1\/4"},"content":{"rendered":"<p>Fio de vela 2 1\/4<\/p>\n","protected":false},"excerpt":{"rendered":"<p>Fabricado em linho, fio com grande resist\u00eancia, utilizado para embalagens, ind\u00fastria de cal\u00e7ado e ind\u00fastria de carnes<\/p>\n","protected":false},"featured_media":15624,"template":"","meta":{"inline_featured_image":false},"product_cat":[1669],"product_tag":[],"class_list":{"0":"post-15021","1":"product","2":"type-product","3":"status-publish","4":"has-post-thumbnail","6":"product_cat-fio-de-vela","8":"first","9":"instock","10":"sold-individually","11":"shipping-taxable","12":"purchasable","13":"product-type-variable"},"acf":[],"_links":{"self":[{"href":"https:\/\/nautibrothers.pt\/en\/wp-json\/wp\/v2\/product\/15021","targetHints":{"allow":["GET"]}}],"collection":[{"href":"https:\/\/nautibrothers.pt\/en\/wp-json\/wp\/v2\/product"}],"about":[{"href":"https:\/\/nautibrothers.pt\/en\/wp-json\/wp\/v2\/types\/product"}],"wp:featuredmedia":[{"embeddable":true,"href":"https:\/\/nautibrothers.pt\/en\/wp-json\/wp\/v2\/media\/15624"}],"wp:attachment":[{"href":"https:\/\/nautibrothers.pt\/en\/wp-json\/wp\/v2\/media?parent=15021"}],"wp:term":[{"taxonomy":"product_cat","embeddable":true,"href":"https:\/\/nautibrothers.pt\/en\/wp-json\/wp\/v2\/product_cat?post=15021"},{"taxonomy":"product_tag","embeddable":true,"href":"https:\/\/nautibrothers.pt\/en\/wp-json\/wp\/v2\/product_tag?post=15021"}],"curies":[{"name":"wp","href":"https:\/\/api.w.org\/{rel}","templated":true}]}}