{"id":15118,"date":"2024-10-11T15:27:13","date_gmt":"2024-10-11T15:27:13","guid":{"rendered":"https:\/\/nautibrothers.pt\/?post_type=product&#038;p=15118"},"modified":"2024-10-29T12:46:35","modified_gmt":"2024-10-29T12:46:35","slug":"linha-de-pesca-de-algodao","status":"publish","type":"product","link":"https:\/\/nautibrothers.pt\/en\/produto\/linha-de-pesca-de-algodao\/","title":{"rendered":"Linha de pesca de algod\u00e3o"},"content":{"rendered":"<p>Linha de pesca de algod\u00e3o<\/p>\n","protected":false},"excerpt":{"rendered":"<p>Fabricado em algod\u00e3o eg\u00edpcio, utilizado para fabrico de redes de pesca, decora\u00e7\u00e3o e artesanato<\/p>\n","protected":false},"featured_media":15552,"template":"","meta":{"inline_featured_image":false},"product_cat":[1699],"product_tag":[],"class_list":{"0":"post-15118","1":"product","2":"type-product","3":"status-publish","4":"has-post-thumbnail","6":"product_cat-linhas","8":"first","9":"instock","10":"sold-individually","11":"shipping-taxable","12":"purchasable","13":"product-type-variable"},"acf":[],"_links":{"self":[{"href":"https:\/\/nautibrothers.pt\/en\/wp-json\/wp\/v2\/product\/15118","targetHints":{"allow":["GET"]}}],"collection":[{"href":"https:\/\/nautibrothers.pt\/en\/wp-json\/wp\/v2\/product"}],"about":[{"href":"https:\/\/nautibrothers.pt\/en\/wp-json\/wp\/v2\/types\/product"}],"wp:featuredmedia":[{"embeddable":true,"href":"https:\/\/nautibrothers.pt\/en\/wp-json\/wp\/v2\/media\/15552"}],"wp:attachment":[{"href":"https:\/\/nautibrothers.pt\/en\/wp-json\/wp\/v2\/media?parent=15118"}],"wp:term":[{"taxonomy":"product_cat","embeddable":true,"href":"https:\/\/nautibrothers.pt\/en\/wp-json\/wp\/v2\/product_cat?post=15118"},{"taxonomy":"product_tag","embeddable":true,"href":"https:\/\/nautibrothers.pt\/en\/wp-json\/wp\/v2\/product_tag?post=15118"}],"curies":[{"name":"wp","href":"https:\/\/api.w.org\/{rel}","templated":true}]}}