{"id":15318,"date":"2024-10-11T15:32:19","date_gmt":"2024-10-11T15:32:19","guid":{"rendered":"https:\/\/nautibrothers.pt\/?post_type=product&#038;p=15318"},"modified":"2024-10-11T15:33:41","modified_gmt":"2024-10-11T15:33:41","slug":"sapatilhos-de-bico-galvanizados-para-cabo-de-aco-din-6899","status":"publish","type":"product","link":"https:\/\/nautibrothers.pt\/en\/produto\/sapatilhos-de-bico-galvanizados-para-cabo-de-aco-din-6899\/","title":{"rendered":"Sapatilhos de bico galvanizados para cabo de a\u00e7o Din 6899"},"content":{"rendered":"<p>Sapatilhos de bico galvanizados para cabo de a\u00e7o Din 6899<\/p>\n","protected":false},"excerpt":{"rendered":"<p>Fabricado em a\u00e7o, utilizado em aplica\u00e7\u00f5es nos cabos de a\u00e7o<\/p>\n","protected":false},"featured_media":12787,"template":"","meta":{"inline_featured_image":false},"product_cat":[1724],"product_tag":[],"class_list":{"0":"post-15318","1":"product","2":"type-product","3":"status-publish","4":"has-post-thumbnail","6":"product_cat-sapatilhos","8":"first","9":"instock","10":"sold-individually","11":"shipping-taxable","12":"purchasable","13":"product-type-variable"},"acf":[],"_links":{"self":[{"href":"https:\/\/nautibrothers.pt\/en\/wp-json\/wp\/v2\/product\/15318","targetHints":{"allow":["GET"]}}],"collection":[{"href":"https:\/\/nautibrothers.pt\/en\/wp-json\/wp\/v2\/product"}],"about":[{"href":"https:\/\/nautibrothers.pt\/en\/wp-json\/wp\/v2\/types\/product"}],"wp:featuredmedia":[{"embeddable":true,"href":"https:\/\/nautibrothers.pt\/en\/wp-json\/wp\/v2\/media\/12787"}],"wp:attachment":[{"href":"https:\/\/nautibrothers.pt\/en\/wp-json\/wp\/v2\/media?parent=15318"}],"wp:term":[{"taxonomy":"product_cat","embeddable":true,"href":"https:\/\/nautibrothers.pt\/en\/wp-json\/wp\/v2\/product_cat?post=15318"},{"taxonomy":"product_tag","embeddable":true,"href":"https:\/\/nautibrothers.pt\/en\/wp-json\/wp\/v2\/product_tag?post=15318"}],"curies":[{"name":"wp","href":"https:\/\/api.w.org\/{rel}","templated":true}]}}