{"id":15380,"date":"2024-10-11T15:33:57","date_gmt":"2024-10-11T15:33:57","guid":{"rendered":"https:\/\/nautibrothers.pt\/?post_type=product&#038;p=15380"},"modified":"2024-10-11T15:34:29","modified_gmt":"2024-10-11T15:34:29","slug":"acessorios-utilizados-para-a-construcao-de-parques-infantis","status":"publish","type":"product","link":"https:\/\/nautibrothers.pt\/en\/produto\/acessorios-utilizados-para-a-construcao-de-parques-infantis\/","title":{"rendered":"Acess\u00f3rios utilizados para a constru\u00e7\u00e3o de parques infantis"},"content":{"rendered":"<p>Acess\u00f3rios utilizados para a constru\u00e7\u00e3o de parques infantis<\/p>\n","protected":false},"excerpt":{"rendered":"<p>Acess\u00f3rios utilizados para a constru\u00e7\u00e3o de parques infantis<\/p>\n","protected":false},"featured_media":12854,"template":"","meta":{"inline_featured_image":false},"product_cat":[1727,201],"product_tag":[],"class_list":{"0":"post-15380","1":"product","2":"type-product","3":"status-publish","4":"has-post-thumbnail","6":"product_cat-acessorios-utilizados-para-a-construcao-de-parques-infantis","7":"product_cat-uncategorized","9":"first","10":"instock","11":"sold-individually","12":"shipping-taxable","13":"purchasable","14":"product-type-variable"},"acf":[],"_links":{"self":[{"href":"https:\/\/nautibrothers.pt\/en\/wp-json\/wp\/v2\/product\/15380","targetHints":{"allow":["GET"]}}],"collection":[{"href":"https:\/\/nautibrothers.pt\/en\/wp-json\/wp\/v2\/product"}],"about":[{"href":"https:\/\/nautibrothers.pt\/en\/wp-json\/wp\/v2\/types\/product"}],"wp:featuredmedia":[{"embeddable":true,"href":"https:\/\/nautibrothers.pt\/en\/wp-json\/wp\/v2\/media\/12854"}],"wp:attachment":[{"href":"https:\/\/nautibrothers.pt\/en\/wp-json\/wp\/v2\/media?parent=15380"}],"wp:term":[{"taxonomy":"product_cat","embeddable":true,"href":"https:\/\/nautibrothers.pt\/en\/wp-json\/wp\/v2\/product_cat?post=15380"},{"taxonomy":"product_tag","embeddable":true,"href":"https:\/\/nautibrothers.pt\/en\/wp-json\/wp\/v2\/product_tag?post=15380"}],"curies":[{"name":"wp","href":"https:\/\/api.w.org\/{rel}","templated":true}]}}