{"id":15800,"date":"2024-11-11T15:27:09","date_gmt":"2024-11-11T15:27:09","guid":{"rendered":"https:\/\/nautibrothers.pt\/?post_type=product&#038;p=15800"},"modified":"2024-11-13T09:30:10","modified_gmt":"2024-11-13T09:30:10","slug":"moitao-modelo-standard-com-olhal","status":"publish","type":"product","link":"https:\/\/nautibrothers.pt\/en\/produto\/moitao-modelo-standard-com-olhal\/","title":{"rendered":"Moit\u00e3o modelo standard com olhal"},"content":{"rendered":"<p>Moit\u00e3o modelo standard com olhal<\/p>","protected":false},"excerpt":{"rendered":"<p><span data-sheets-root=\"1\">Fabricado em a\u00e7o, utilizado para eleva\u00e7\u00e3o de carga<\/span><\/p>\n","protected":false},"featured_media":15714,"template":"","meta":{"inline_featured_image":false},"product_cat":[1511],"product_tag":[],"class_list":{"0":"post-15800","1":"product","2":"type-product","3":"status-publish","4":"has-post-thumbnail","6":"product_cat-moitoes-navios-e-pesca","8":"first","9":"instock","10":"sold-individually","11":"shipping-taxable","12":"purchasable","13":"product-type-variable"},"acf":[],"_links":{"self":[{"href":"https:\/\/nautibrothers.pt\/en\/wp-json\/wp\/v2\/product\/15800","targetHints":{"allow":["GET"]}}],"collection":[{"href":"https:\/\/nautibrothers.pt\/en\/wp-json\/wp\/v2\/product"}],"about":[{"href":"https:\/\/nautibrothers.pt\/en\/wp-json\/wp\/v2\/types\/product"}],"wp:featuredmedia":[{"embeddable":true,"href":"https:\/\/nautibrothers.pt\/en\/wp-json\/wp\/v2\/media\/15714"}],"wp:attachment":[{"href":"https:\/\/nautibrothers.pt\/en\/wp-json\/wp\/v2\/media?parent=15800"}],"wp:term":[{"taxonomy":"product_cat","embeddable":true,"href":"https:\/\/nautibrothers.pt\/en\/wp-json\/wp\/v2\/product_cat?post=15800"},{"taxonomy":"product_tag","embeddable":true,"href":"https:\/\/nautibrothers.pt\/en\/wp-json\/wp\/v2\/product_tag?post=15800"}],"curies":[{"name":"wp","href":"https:\/\/api.w.org\/{rel}","templated":true}]}}