{"id":15810,"date":"2024-11-11T16:42:45","date_gmt":"2024-11-11T16:42:45","guid":{"rendered":"https:\/\/nautibrothers.pt\/?post_type=product&#038;p=15810"},"modified":"2024-11-13T09:27:16","modified_gmt":"2024-11-13T09:27:16","slug":"patesca-verde-com-gato-e-mola","status":"publish","type":"product","link":"https:\/\/nautibrothers.pt\/en\/produto\/patesca-verde-com-gato-e-mola\/","title":{"rendered":"Patesca verde com gato e mola"},"content":{"rendered":"<p>Patesca verde com gato e mola<\/p>","protected":false},"excerpt":{"rendered":"<p><span data-sheets-root=\"1\">Fabricado em a\u00e7o, utilizado para eleva\u00e7\u00e3o de carga, com gancho na ponta<\/span><\/p>\n","protected":false},"featured_media":15716,"template":"","meta":{"inline_featured_image":false},"product_cat":[1532],"product_tag":[],"class_list":{"0":"post-15810","1":"product","2":"type-product","3":"status-publish","4":"has-post-thumbnail","6":"product_cat-patesca","8":"first","9":"instock","10":"sold-individually","11":"shipping-taxable","12":"purchasable","13":"product-type-variable"},"acf":[],"_links":{"self":[{"href":"https:\/\/nautibrothers.pt\/en\/wp-json\/wp\/v2\/product\/15810","targetHints":{"allow":["GET"]}}],"collection":[{"href":"https:\/\/nautibrothers.pt\/en\/wp-json\/wp\/v2\/product"}],"about":[{"href":"https:\/\/nautibrothers.pt\/en\/wp-json\/wp\/v2\/types\/product"}],"wp:featuredmedia":[{"embeddable":true,"href":"https:\/\/nautibrothers.pt\/en\/wp-json\/wp\/v2\/media\/15716"}],"wp:attachment":[{"href":"https:\/\/nautibrothers.pt\/en\/wp-json\/wp\/v2\/media?parent=15810"}],"wp:term":[{"taxonomy":"product_cat","embeddable":true,"href":"https:\/\/nautibrothers.pt\/en\/wp-json\/wp\/v2\/product_cat?post=15810"},{"taxonomy":"product_tag","embeddable":true,"href":"https:\/\/nautibrothers.pt\/en\/wp-json\/wp\/v2\/product_tag?post=15810"}],"curies":[{"name":"wp","href":"https:\/\/api.w.org\/{rel}","templated":true}]}}