{"id":15814,"date":"2024-11-11T16:52:26","date_gmt":"2024-11-11T16:52:26","guid":{"rendered":"https:\/\/nautibrothers.pt\/?post_type=product&#038;p=15814"},"modified":"2024-11-13T09:37:46","modified_gmt":"2024-11-13T09:37:46","slug":"cabo-de-aco-galvanizado-revestido-a-pvc-6x7","status":"publish","type":"product","link":"https:\/\/nautibrothers.pt\/en\/produto\/cabo-de-aco-galvanizado-revestido-a-pvc-6x7\/","title":{"rendered":"Cabo de a\u00e7o galvanizado revestido a PVC 6&#215;7"},"content":{"rendered":"<p>Fabricado em a\u00e7o galvanizado com um revestimento em pvc para prote\u00e7\u00e3o e isolamento do cabo<\/p>","protected":false},"excerpt":{"rendered":"<p>Fabricado em a\u00e7o galvanizado com um revestimento em pvc para prote\u00e7\u00e3o e isolamento do cabo<\/p>\n","protected":false},"featured_media":15706,"template":"","meta":{"inline_featured_image":false},"product_cat":[1746],"product_tag":[],"class_list":{"0":"post-15814","1":"product","2":"type-product","3":"status-publish","4":"has-post-thumbnail","6":"product_cat-cabo-de-aco-fios","8":"first","9":"instock","10":"sold-individually","11":"shipping-taxable","12":"purchasable","13":"product-type-variable"},"acf":[],"_links":{"self":[{"href":"https:\/\/nautibrothers.pt\/en\/wp-json\/wp\/v2\/product\/15814","targetHints":{"allow":["GET"]}}],"collection":[{"href":"https:\/\/nautibrothers.pt\/en\/wp-json\/wp\/v2\/product"}],"about":[{"href":"https:\/\/nautibrothers.pt\/en\/wp-json\/wp\/v2\/types\/product"}],"wp:featuredmedia":[{"embeddable":true,"href":"https:\/\/nautibrothers.pt\/en\/wp-json\/wp\/v2\/media\/15706"}],"wp:attachment":[{"href":"https:\/\/nautibrothers.pt\/en\/wp-json\/wp\/v2\/media?parent=15814"}],"wp:term":[{"taxonomy":"product_cat","embeddable":true,"href":"https:\/\/nautibrothers.pt\/en\/wp-json\/wp\/v2\/product_cat?post=15814"},{"taxonomy":"product_tag","embeddable":true,"href":"https:\/\/nautibrothers.pt\/en\/wp-json\/wp\/v2\/product_tag?post=15814"}],"curies":[{"name":"wp","href":"https:\/\/api.w.org\/{rel}","templated":true}]}}